{"id":146,"date":"2026-02-06T09:45:47","date_gmt":"2026-02-06T08:45:47","guid":{"rendered":"https:\/\/dar-layla.preprodwi.fr\/accueil\/"},"modified":"2026-03-31T11:27:30","modified_gmt":"2026-03-31T09:27:30","slug":"accueil","status":"publish","type":"page","link":"https:\/\/dar-layla.preprodwi.fr\/en\/","title":{"rendered":"Accueil"},"content":{"rendered":"<p>D\u00e2r Layla est un lieu intimiste o\u00f9 l\u2019on prend le temps de vous \u00e9couter. Chaque d\u00e9tail, des parfums aux rituels, est pens\u00e9 pour vous offrir une parenth\u00e8se chaleureuse, authentique et profond\u00e9ment bienveillante.<\/p>\n","protected":false},"excerpt":{"rendered":"<p>D\u00e2r Layla est un lieu intimiste o\u00f9 l\u2019on prend le temps de vous \u00e9couter. Chaque d\u00e9tail, des parfums aux rituels, est pens\u00e9 pour vous offrir une parenth\u00e8se chaleureuse, authentique et profond\u00e9ment bienveillante.<\/p>\n","protected":false},"author":1,"featured_media":0,"parent":0,"menu_order":0,"comment_status":"closed","ping_status":"closed","template":"","meta":{"_acf_changed":false,"footnotes":""},"class_list":["post-146","page","type-page","status-publish","hentry"],"acf":[],"yoast_head":"<!-- This site is optimized with the Yoast SEO plugin v27.1.1 - https:\/\/yoast.com\/product\/yoast-seo-wordpress\/ -->\n<title>Massage &amp; Hammam in Metz | Dar Layla \u2013 Oriental Wellness<\/title>\n<meta name=\"description\" content=\"Treat yourself to a wellness break in Metz. Dar Layla offers massages from around the world, hammam rituals and oriental treatments in a warm and authentic setting.\" \/>\n<meta name=\"robots\" content=\"noindex, follow, max-snippet:-1, max-image-preview:large, max-video-preview:-1\" \/>\n<meta property=\"og:locale\" content=\"en_US\" \/>\n<meta property=\"og:type\" content=\"article\" \/>\n<meta property=\"og:title\" content=\"Massage &amp; Hammam in Metz | Dar Layla \u2013 Oriental Wellness\" \/>\n<meta property=\"og:description\" content=\"Treat yourself to a wellness break in Metz. Dar Layla offers massages from around the world, hammam rituals and oriental treatments in a warm and authentic setting.\" \/>\n<meta property=\"og:url\" content=\"https:\/\/dar-layla.preprodwi.fr\/en\/\" \/>\n<meta property=\"og:site_name\" content=\"Dar Layla\" \/>\n<meta property=\"article:modified_time\" content=\"2026-03-31T09:27:30+00:00\" \/>\n<meta name=\"twitter:card\" content=\"summary_large_image\" \/>\n<meta name=\"twitter:label1\" content=\"Est. reading time\" \/>\n\t<meta name=\"twitter:data1\" content=\"1 minute\" \/>\n<script type=\"application\/ld+json\" class=\"yoast-schema-graph\">{\"@context\":\"https:\/\/schema.org\",\"@graph\":[{\"@type\":\"WebPage\",\"@id\":\"https:\/\/dar-layla.preprodwi.fr\/en\/\",\"url\":\"https:\/\/dar-layla.preprodwi.fr\/en\/\",\"name\":\"Massage & Hammam in Metz | Dar Layla \u2013 Oriental Wellness\",\"isPartOf\":{\"@id\":\"https:\/\/dar-layla.preprodwi.fr\/en\/#website\"},\"datePublished\":\"2026-02-06T08:45:47+00:00\",\"dateModified\":\"2026-03-31T09:27:30+00:00\",\"description\":\"Treat yourself to a wellness break in Metz. Dar Layla offers massages from around the world, hammam rituals and oriental treatments in a warm and authentic setting.\",\"breadcrumb\":{\"@id\":\"https:\/\/dar-layla.preprodwi.fr\/en\/#breadcrumb\"},\"inLanguage\":\"en-US\",\"potentialAction\":[{\"@type\":\"ReadAction\",\"target\":[\"https:\/\/dar-layla.preprodwi.fr\/en\/\"]}]},{\"@type\":\"BreadcrumbList\",\"@id\":\"https:\/\/dar-layla.preprodwi.fr\/en\/#breadcrumb\",\"itemListElement\":[{\"@type\":\"ListItem\",\"position\":1,\"name\":\"Accueil\",\"item\":\"https:\/\/dar-layla.preprodwi.fr\/en\/\"},{\"@type\":\"ListItem\",\"position\":2,\"name\":\"Accueil\"}]},{\"@type\":\"WebSite\",\"@id\":\"https:\/\/dar-layla.preprodwi.fr\/en\/#website\",\"url\":\"https:\/\/dar-layla.preprodwi.fr\/en\/\",\"name\":\"Dar Layla\",\"description\":\"\",\"potentialAction\":[{\"@type\":\"SearchAction\",\"target\":{\"@type\":\"EntryPoint\",\"urlTemplate\":\"https:\/\/dar-layla.preprodwi.fr\/en\/?s={search_term_string}\"},\"query-input\":{\"@type\":\"PropertyValueSpecification\",\"valueRequired\":true,\"valueName\":\"search_term_string\"}}],\"inLanguage\":\"en-US\"}]}<\/script>\n<!-- \/ Yoast SEO plugin. -->","yoast_head_json":{"title":"Massage & Hammam in Metz | Dar Layla \u2013 Oriental Wellness","description":"Treat yourself to a wellness break in Metz. Dar Layla offers massages from around the world, hammam rituals and oriental treatments in a warm and authentic setting.","robots":{"index":"noindex","follow":"follow","max-snippet":"max-snippet:-1","max-image-preview":"max-image-preview:large","max-video-preview":"max-video-preview:-1"},"og_locale":"en_US","og_type":"article","og_title":"Massage & Hammam in Metz | Dar Layla \u2013 Oriental Wellness","og_description":"Treat yourself to a wellness break in Metz. Dar Layla offers massages from around the world, hammam rituals and oriental treatments in a warm and authentic setting.","og_url":"https:\/\/dar-layla.preprodwi.fr\/en\/","og_site_name":"Dar Layla","article_modified_time":"2026-03-31T09:27:30+00:00","twitter_card":"summary_large_image","twitter_misc":{"Est. reading time":"1 minute"},"schema":{"@context":"https:\/\/schema.org","@graph":[{"@type":"WebPage","@id":"https:\/\/dar-layla.preprodwi.fr\/en\/","url":"https:\/\/dar-layla.preprodwi.fr\/en\/","name":"Massage & Hammam in Metz | Dar Layla \u2013 Oriental Wellness","isPartOf":{"@id":"https:\/\/dar-layla.preprodwi.fr\/en\/#website"},"datePublished":"2026-02-06T08:45:47+00:00","dateModified":"2026-03-31T09:27:30+00:00","description":"Treat yourself to a wellness break in Metz. Dar Layla offers massages from around the world, hammam rituals and oriental treatments in a warm and authentic setting.","breadcrumb":{"@id":"https:\/\/dar-layla.preprodwi.fr\/en\/#breadcrumb"},"inLanguage":"en-US","potentialAction":[{"@type":"ReadAction","target":["https:\/\/dar-layla.preprodwi.fr\/en\/"]}]},{"@type":"BreadcrumbList","@id":"https:\/\/dar-layla.preprodwi.fr\/en\/#breadcrumb","itemListElement":[{"@type":"ListItem","position":1,"name":"Accueil","item":"https:\/\/dar-layla.preprodwi.fr\/en\/"},{"@type":"ListItem","position":2,"name":"Accueil"}]},{"@type":"WebSite","@id":"https:\/\/dar-layla.preprodwi.fr\/en\/#website","url":"https:\/\/dar-layla.preprodwi.fr\/en\/","name":"Dar Layla","description":"","potentialAction":[{"@type":"SearchAction","target":{"@type":"EntryPoint","urlTemplate":"https:\/\/dar-layla.preprodwi.fr\/en\/?s={search_term_string}"},"query-input":{"@type":"PropertyValueSpecification","valueRequired":true,"valueName":"search_term_string"}}],"inLanguage":"en-US"}]}},"_links":{"self":[{"href":"https:\/\/dar-layla.preprodwi.fr\/en\/wp-json\/wp\/v2\/pages\/146","targetHints":{"allow":["GET"]}}],"collection":[{"href":"https:\/\/dar-layla.preprodwi.fr\/en\/wp-json\/wp\/v2\/pages"}],"about":[{"href":"https:\/\/dar-layla.preprodwi.fr\/en\/wp-json\/wp\/v2\/types\/page"}],"author":[{"embeddable":true,"href":"https:\/\/dar-layla.preprodwi.fr\/en\/wp-json\/wp\/v2\/users\/1"}],"replies":[{"embeddable":true,"href":"https:\/\/dar-layla.preprodwi.fr\/en\/wp-json\/wp\/v2\/comments?post=146"}],"version-history":[{"count":7,"href":"https:\/\/dar-layla.preprodwi.fr\/en\/wp-json\/wp\/v2\/pages\/146\/revisions"}],"predecessor-version":[{"id":421,"href":"https:\/\/dar-layla.preprodwi.fr\/en\/wp-json\/wp\/v2\/pages\/146\/revisions\/421"}],"wp:attachment":[{"href":"https:\/\/dar-layla.preprodwi.fr\/en\/wp-json\/wp\/v2\/media?parent=146"}],"curies":[{"name":"wp","href":"https:\/\/api.w.org\/{rel}","templated":true}]}}